{"id":4690,"date":"2025-11-08T12:30:20","date_gmt":"2025-11-08T09:30:20","guid":{"rendered":"https:\/\/cinarsanhavalandirma.com\/?page_id=4690"},"modified":"2025-11-11T23:25:42","modified_gmt":"2025-11-11T20:25:42","slug":"hakkimizda","status":"publish","type":"page","link":"https:\/\/cinarsanhavalandirma.com\/index.php\/hakkimizda\/","title":{"rendered":"Hakk\u0131m\u0131zda"},"content":{"rendered":"\t\t<div data-elementor-type=\"wp-page\" data-elementor-id=\"4690\" class=\"elementor elementor-4690\">\n\t\t\t\t\t\t<section class=\"elementor-section elementor-top-section elementor-element elementor-element-f7e3bf0 elementor-section-full_width elementor-section-height-default elementor-section-height-default\" data-id=\"f7e3bf0\" data-element_type=\"section\" data-e-type=\"section\">\n\t\t\t\t\t\t<div class=\"elementor-container elementor-column-gap-no\">\n\t\t\t\t\t<div class=\"elementor-column elementor-col-100 elementor-top-column elementor-element elementor-element-b4f1280\" data-id=\"b4f1280\" data-element_type=\"column\" data-e-type=\"column\">\n\t\t\t<div class=\"elementor-widget-wrap elementor-element-populated\">\n\t\t\t\t\t\t<div class=\"elementor-element elementor-element-beb0089 elementor-widget__width-initial elementor-absolute rotate image-width-full elementor-widget elementor-widget-mae-gallery-stack\" data-id=\"beb0089\" data-element_type=\"widget\" data-e-type=\"widget\" data-settings=\"{&quot;_position&quot;:&quot;absolute&quot;}\" data-widget_type=\"mae-gallery-stack.default\">\n\t\t\t\t<div class=\"elementor-widget-container\">\n\t\t\t\t\t\t\t<div class=\"master-gallery-stack\">\n\t\t\t<div class=\"master-fancy-image elementor-repeater-item-09ac577 \" data-top=\"0px\" data-calcHeight=\"no\">\n\t\t\t\t\t\t\t\t\t\t<div class=\"image-wrap\"><img fetchpriority=\"high\" decoding=\"async\" width=\"740\" height=\"754\" src=\"https:\/\/cinarsanhavalandirma.com\/wp-content\/uploads\/2023\/07\/circle-dots.webp\" class=\"attachment-full size-full\" alt=\"\" srcset=\"https:\/\/cinarsanhavalandirma.com\/wp-content\/uploads\/2023\/07\/circle-dots.webp 740w, https:\/\/cinarsanhavalandirma.com\/wp-content\/uploads\/2023\/07\/circle-dots-294x300.webp 294w, https:\/\/cinarsanhavalandirma.com\/wp-content\/uploads\/2023\/07\/circle-dots-70x70.webp 70w\" sizes=\"(max-width: 740px) 100vw, 740px\" \/><\/div>\n\t\t\t\t\t\t\t\t\t<\/div>\t\t<\/div>\n\t    \t\t\t\t<\/div>\n\t\t\t\t<\/div>\n\t\t\t\t\t<\/div>\n\t\t<\/div>\n\t\t\t\t\t<\/div>\n\t\t<\/section>\n\t\t\t\t<section class=\"elementor-section elementor-top-section elementor-element elementor-element-6d4091e elementor-section-boxed elementor-section-height-default elementor-section-height-default\" data-id=\"6d4091e\" data-element_type=\"section\" data-e-type=\"section\">\n\t\t\t\t\t\t<div class=\"elementor-container elementor-column-gap-no\">\n\t\t\t\t\t<div class=\"elementor-column elementor-col-100 elementor-top-column elementor-element elementor-element-96b65a0\" data-id=\"96b65a0\" data-element_type=\"column\" data-e-type=\"column\">\n\t\t\t<div class=\"elementor-widget-wrap elementor-element-populated\">\n\t\t\t\t\t\t<div class=\"elementor-element elementor-element-1ce3b7c elementor-widget elementor-widget-spacer\" data-id=\"1ce3b7c\" data-element_type=\"widget\" data-e-type=\"widget\" data-widget_type=\"spacer.default\">\n\t\t\t\t\t\t\t<div class=\"elementor-spacer\">\n\t\t\t<div class=\"elementor-spacer-inner\"><\/div>\n\t\t<\/div>\n\t\t\t\t\t\t<\/div>\n\t\t\t\t<section class=\"elementor-section elementor-inner-section elementor-element elementor-element-0ef47d0 elementor-section-content-middle elementor-section-boxed elementor-section-height-default elementor-section-height-default\" data-id=\"0ef47d0\" data-element_type=\"section\" data-e-type=\"section\">\n\t\t\t\t\t\t<div class=\"elementor-container elementor-column-gap-default\">\n\t\t\t\t\t<div class=\"elementor-column elementor-col-50 elementor-inner-column elementor-element elementor-element-cbc86bb\" data-id=\"cbc86bb\" data-element_type=\"column\" data-e-type=\"column\">\n\t\t\t<div class=\"elementor-widget-wrap elementor-element-populated\">\n\t\t\t\t\t\t<div class=\"elementor-element elementor-element-7cba417 image-width-full elementor-widget elementor-widget-mae-gallery-stack\" data-id=\"7cba417\" data-element_type=\"widget\" data-e-type=\"widget\" data-widget_type=\"mae-gallery-stack.default\">\n\t\t\t\t<div class=\"elementor-widget-container\">\n\t\t\t\t\t\t\t<div class=\"master-gallery-stack\">\n\t\t\t<div class=\"master-fancy-image master-animation elementor-repeater-item-4b3efcb \" data-top=\"0px\" data-animation=\"reveal revealLeft2\" data-calcHeight=\"no\">\n\t\t\t\t\t\t\t\t\t<div class=\"image-wrap\"><img decoding=\"async\" width=\"671\" height=\"492\" src=\"https:\/\/cinarsanhavalandirma.com\/wp-content\/uploads\/2025\/11\/cinarsan.png\" class=\"attachment-full size-full\" alt=\"\" srcset=\"https:\/\/cinarsanhavalandirma.com\/wp-content\/uploads\/2025\/11\/cinarsan.png 671w, https:\/\/cinarsanhavalandirma.com\/wp-content\/uploads\/2025\/11\/cinarsan-300x220.png 300w\" sizes=\"(max-width: 671px) 100vw, 671px\" \/><\/div>\n\t\t\t\t\t\t\t\t<\/div>\t\t<\/div>\n\t    \t\t\t\t<\/div>\n\t\t\t\t<\/div>\n\t\t\t\t<div class=\"elementor-element elementor-element-4b6a7df elementor-widget__width-auto elementor-absolute image-width-full elementor-invisible elementor-widget elementor-widget-mae-gallery-stack\" data-id=\"4b6a7df\" data-element_type=\"widget\" data-e-type=\"widget\" data-settings=\"{&quot;_position&quot;:&quot;absolute&quot;,&quot;_animation&quot;:&quot;zoomIn&quot;,&quot;_animation_delay&quot;:300}\" data-widget_type=\"mae-gallery-stack.default\">\n\t\t\t\t<div class=\"elementor-widget-container\">\n\t\t\t\t\t\t\t<div class=\"master-gallery-stack\">\n\t\t\t<div class=\"master-text elementor-repeater-item-eed2bec  \"><div class=\"inner default\"><svg class=\"circle-text\" version=\"1.1\" xmlns=\"http:\/\/www.w3.org\/2000\/svg\" xmlns:xlink=\"http:\/\/www.w3.org\/1999\/xlink\"  width=\"140px\" height=\"140px\" stroke-width=\"0px\" viewBox=\"-5 -5 167 167\" enable-background=\"-7 -7 167 167\" xml:space=\"preserve\">\n    <defs>\n        <path id=\"circlePath\" d=\"M78.499,7.998 C117.435,7.998 148.999,39.562 148.999,78.498 C148.999,117.434 117.435,148.999 78.499,148.999 C39.563,148.999 7.999,117.434 7.999,78.498 C7.999,39.562 39.563,7.998 78.499,7.998 Z\"\/>\n    <\/defs>\n    <g>\n        <use xlink:href=\"#circlePath\" fill=\"none\"\/>\n        <text fill=\"#ffffff\">\n            <textPath xlink:href=\"#circlePath\">BURSA \u00c7INARSAN HAVALANDIRMA <\/textPath>\n        <\/text>\n    <\/g>\n<\/svg><\/div><\/div><div class=\"master-text master-animation elementor-repeater-item-0847f98  \" data-animation=\"fadeIn\"><div class=\"inner default\"><svg xmlns=\"http:\/\/www.w3.org\/2000\/svg\" viewBox=\"0 0 512 512\" width=\"64\" height=\"64\" fill=\"var(--e-global-color-surince_accent_2\"><g  data-name=\"\/ OUTLINE\"><path d=\"M153.65674,278.34277A36.26854,36.26854,0,0,0,92.39355,297.0791l-.67773-.67773A39.73587,39.73587,0,0,1,80,268.11816V96a32,32,0,0,0-64,0V310.86328a87.42412,87.42412,0,0,0,25.7749,62.22559L88.97021,420.2832A23.84779,23.84779,0,0,1,96,437.25488V496h16V437.25488a39.74371,39.74371,0,0,0-11.71582-28.28515l-47.1958-47.19532A71.52709,71.52709,0,0,1,32,310.86328V96a16,16,0,0,1,32,0V268.11816a55.63289,55.63289,0,0,0,16.40234,39.59766l73.94092,73.94141,11.31348-11.31446L113.656,318.342a20.28409,20.28409,0,0,1,28.68725-28.68481l36.56836,36.56836A71.52709,71.52709,0,0,1,200,377.13672V496h16V377.13672a87.42412,87.42412,0,0,0-25.7749-62.22559Z\"\/><path d=\"M464,64a32.03635,32.03635,0,0,0-32,32V268.11816a39.73587,39.73587,0,0,1-11.71582,28.28321l-.67773.67773a36.27516,36.27516,0,0,0-61.26319-18.73633L321.7749,314.91113A87.42412,87.42412,0,0,0,296,377.13672V496h16V377.13672a71.52709,71.52709,0,0,1,21.08838-50.91113l36.56836-36.56836A20.28409,20.28409,0,0,1,398.344,318.342l-52.00073,52.00073,11.31348,11.31446,73.94092-73.94141A55.63289,55.63289,0,0,0,448,268.11816V96a16,16,0,0,1,32,0V310.86328a71.52709,71.52709,0,0,1-21.08838,50.91113L411.71533,408.9707A39.74137,39.74137,0,0,0,400,437.25488V496h16V437.25488a23.84541,23.84541,0,0,1,7.0293-16.9707l47.1958-47.19531A87.42412,87.42412,0,0,0,496,310.86328V96A32.03635,32.03635,0,0,0,464,64Z\"\/><path d=\"M320,256v-8h64a24.02718,24.02718,0,0,0,24-24V193.05859a24.12126,24.12126,0,0,0-11.65234-20.58007l-26.729-16.03711,4.73926-14.2168A31.94028,31.94028,0,0,0,376,132.10547V120a32,32,0,0,0-64,0v12.10547a31.94028,31.94028,0,0,0,1.64209,10.11914l4.73926,14.2168-18.38111,11.0288-18.38159-11.0288,4.73926-14.2168A31.94028,31.94028,0,0,0,288,132.10547V120a32,32,0,0,0-64,0v12.10547a31.94028,31.94028,0,0,0,1.64209,10.11914l4.73926,14.2168L211.99951,167.47l-18.38086-11.02856,4.73926-14.2168A31.94028,31.94028,0,0,0,200,132.10547V120a32,32,0,0,0-64,0v12.10547a31.94028,31.94028,0,0,0,1.64209,10.11914l4.73926,14.2168-26.72949,16.03711A24.12187,24.12187,0,0,0,104,193.05859V224a24.02718,24.02718,0,0,0,24,24h64v8a24.0275,24.0275,0,0,0,24,24h80A24.0275,24.0275,0,0,0,320,256Zm17.61865-92.44141-8.79785-26.39453A15.97329,15.97329,0,0,1,328,132.10547V120a16,16,0,0,1,32,0v12.10547a15.97329,15.97329,0,0,1-.8208,5.05859l-8.79785,26.39453,37.73437,22.64063A8.03913,8.03913,0,0,1,392,193.05859V224a8.00917,8.00917,0,0,1-8,8H320V193.05859a24.1078,24.1078,0,0,0-5.70312-15.50659ZM128,232a8.00917,8.00917,0,0,1-8-8V193.05859a8.03975,8.03975,0,0,1,3.88379-6.85937l37.73486-22.64063-8.79785-26.39453A15.97329,15.97329,0,0,1,152,132.10547V120a16,16,0,0,1,32,0v12.10547a15.97329,15.97329,0,0,1-.8208,5.05859l-8.79785,26.39453,23.32153,13.99317A24.11,24.11,0,0,0,192,193.05859V232Zm80,24V193.05859a8.03975,8.03975,0,0,1,3.88379-6.85937l37.73486-22.64063-8.79785-26.39453A15.97329,15.97329,0,0,1,240,132.10547V120a16,16,0,0,1,32,0v12.10547a15.97329,15.97329,0,0,1-.8208,5.05859l-8.79785,26.39453,37.73437,22.64063A8.03913,8.03913,0,0,1,304,193.05859V256a8.00917,8.00917,0,0,1-8,8H216A8.00917,8.00917,0,0,1,208,256Z\"\/><polygon points=\"120 64 216 64 216 80 232 80 232 32 336 32 336 72 392 72 392 152 408 152 408 56 352 56 352 16 216 16 216 48 104 48 104 152 120 152 120 64\"\/><rect x=\"248\" y=\"48\" width=\"24\" height=\"16\"\/><rect x=\"296\" y=\"48\" width=\"24\" height=\"16\"\/><\/g><\/svg>\n<\/div><\/div>\t\t<\/div>\n\t    \t\t\t\t<\/div>\n\t\t\t\t<\/div>\n\t\t\t\t\t<\/div>\n\t\t<\/div>\n\t\t\t\t<div class=\"elementor-column elementor-col-50 elementor-inner-column elementor-element elementor-element-93d5cd4\" data-id=\"93d5cd4\" data-element_type=\"column\" data-e-type=\"column\">\n\t\t\t<div class=\"elementor-widget-wrap elementor-element-populated\">\n\t\t\t\t\t\t<div class=\"elementor-element elementor-element-5e01b10 heading-default elementor-widget elementor-widget-mae-headings\" data-id=\"5e01b10\" data-element_type=\"widget\" data-e-type=\"widget\" data-widget_type=\"mae-headings.default\">\n\t\t\t\t<div class=\"elementor-widget-container\">\n\t\t\t\t\t\t\t<div class=\"master-heading sep-none\">\n\t\t\t\t\t\t\t        \t        \t<div class=\"pre-heading\"><span class=\"line\"><span class=\"inner\"><\/span><\/span>\u00c7INARSAN HAVALANDIRMA<\/div>\n\t        \n\t        \n\t        \t        <h2 class=\"main-heading\">Hakk\u0131m\u0131zda<\/h2>\n\t        \n\t        \n\t        \t            <div class=\"sub-heading\">Bursa merkezli firmam\u0131z, y\u0131llard\u0131r T\u00fcrkiye genelinde end\u00fcstriyel havaland\u0131rma, baca sistemleri, mekanik tesisat ve iklimlendirme \u00e7\u00f6z\u00fcmleri alan\u0131nda faaliyet g\u00f6stererek sekt\u00f6r\u00fcn \u00f6nc\u00fclerinden biri haline gelmi\u015ftir. Kurulu\u015fumuzdan bu yana, kaliteyi, g\u00fcveni ve m\u00fchendislik disiplinini temel alarak hem yerel hem de ulusal \u00f6l\u00e7ekte bir\u00e7ok ba\u015far\u0131l\u0131 projeye imza att\u0131k.<br> <br>  Modern teknolojilerle donat\u0131lm\u0131\u015f \u00fcretim tesisimiz, g\u00fc\u00e7l\u00fc teknik altyap\u0131m\u0131z ve deneyimli kadromuzla her ge\u00e7en g\u00fcn daha da b\u00fcy\u00fcyen bir yap\u0131ya sahibiz. Fabrikam\u0131zda, uluslararas\u0131 standartlara uygun malzemelerle \u00fcretim yap\u0131lmakta; her proje uzman ekiplerimiz taraf\u0131ndan titizlikle planlanmaktad\u0131r.<\/div>\n\t        \t    <\/div>\n\t    \t\t\t\t<\/div>\n\t\t\t\t<\/div>\n\t\t\t\t\t<\/div>\n\t\t<\/div>\n\t\t\t\t\t<\/div>\n\t\t<\/section>\n\t\t\t\t<div class=\"elementor-element elementor-element-24f955a elementor-widget elementor-widget-spacer\" data-id=\"24f955a\" data-element_type=\"widget\" data-e-type=\"widget\" data-widget_type=\"spacer.default\">\n\t\t\t\t\t\t\t<div class=\"elementor-spacer\">\n\t\t\t<div class=\"elementor-spacer-inner\"><\/div>\n\t\t<\/div>\n\t\t\t\t\t\t<\/div>\n\t\t\t\t\t<\/div>\n\t\t<\/div>\n\t\t\t\t\t<\/div>\n\t\t<\/section>\n\t\t\t\t<section class=\"elementor-section elementor-top-section elementor-element elementor-element-7684fae elementor-section-boxed elementor-section-height-default elementor-section-height-default\" data-id=\"7684fae\" data-element_type=\"section\" data-e-type=\"section\">\n\t\t\t\t\t\t<div class=\"elementor-container elementor-column-gap-default\">\n\t\t\t\t\t<div class=\"elementor-column elementor-col-100 elementor-top-column elementor-element elementor-element-7b6e49b\" data-id=\"7b6e49b\" data-element_type=\"column\" data-e-type=\"column\">\n\t\t\t<div class=\"elementor-widget-wrap elementor-element-populated\">\n\t\t\t\t\t\t<div class=\"elementor-element elementor-element-96f8618 elementor-widget elementor-widget-text-editor\" data-id=\"96f8618\" data-element_type=\"widget\" data-e-type=\"widget\" data-widget_type=\"text-editor.default\">\n\t\t\t\t\t\t\t\t\t<p data-start=\"1107\" data-end=\"1490\">B\u00fcnyemizde yer alan <strong data-start=\"1127\" data-end=\"1240\">mekanik tesisat, havaland\u0131rma, baca sistemleri, toz toplama, duman tahliye ve end\u00fcstriyel mutfak havaland\u0131rma<\/strong> gibi pek \u00e7ok alanda, anahtar teslim \u00e7\u00f6z\u00fcmler sunuyoruz. Her biri alan\u0131nda uzman teknik personellerimiz, montajdan bak\u0131m a\u015famas\u0131na kadar t\u00fcm s\u00fcreci profesyonel \u015fekilde y\u00f6netmekte; m\u00fc\u015fteri memnuniyetini her zaman \u00f6nceli\u011fimiz olarak kabul etmektedir.<\/p><p data-start=\"1492\" data-end=\"1817\">Y\u0131llar i\u00e7inde elde etti\u011fimiz bilgi birikimi, teknik uzmanl\u0131\u011f\u0131m\u0131z ve \u00e7\u00f6z\u00fcm odakl\u0131 yakla\u015f\u0131m\u0131m\u0131zla, hem \u00f6zel sekt\u00f6rde hem de kamu projelerinde g\u00fcvenilir bir \u00e7\u00f6z\u00fcm orta\u011f\u0131 haline geldik. Bug\u00fcn, sadece Bursa\u2019da de\u011fil, T\u00fcrkiye\u2019nin d\u00f6rt bir yan\u0131nda tamamlad\u0131\u011f\u0131m\u0131z projelerle ad\u0131m\u0131z\u0131 kal\u0131c\u0131 hale getirmi\u015f olman\u0131n gururunu ya\u015f\u0131yoruz.<\/p><p data-start=\"2161\" data-end=\"2304\"><strong>G\u00fcc\u00fcn\u00fc ve ba\u015far\u0131s\u0131n\u0131 ekip ruhundan alan firmam\u0131z, her ge\u00e7en g\u00fcn daha fazla i\u015fletmeye nefes ald\u0131rmak i\u00e7in \u00e7al\u0131\u015fmaya devam ediyor.<\/strong><\/p>\t\t\t\t\t\t\t\t<\/div>\n\t\t\t\t\t<\/div>\n\t\t<\/div>\n\t\t\t\t\t<\/div>\n\t\t<\/section>\n\t\t\t\t<\/div>\n\t\t\n    <div class=\"xs_social_share_widget xs_share_url after_content \t\tmain_content  wslu-style-1 wslu-share-box-shaped wslu-fill-colored wslu-none wslu-share-horizontal wslu-theme-font-no wslu-main_content\">\n\n\t\t\n        <ul>\n\t\t\t        <\/ul>\n    <\/div> \n","protected":false},"excerpt":{"rendered":"<p>BURSA \u00c7INARSAN HAVALANDIRMA \u00c7INARSAN HAVALANDIRMA Hakk\u0131m\u0131zda Bursa merkezli firmam\u0131z, y\u0131llard\u0131r T\u00fcrkiye genelinde end\u00fcstriyel havaland\u0131rma, baca sistemleri, mekanik tesisat ve iklimlendirme \u00e7\u00f6z\u00fcmleri alan\u0131nda faaliyet g\u00f6stererek sekt\u00f6r\u00fcn \u00f6nc\u00fclerinden biri haline gelmi\u015ftir. Kurulu\u015fumuzdan bu yana, kaliteyi, g\u00fcveni ve m\u00fchendislik disiplinini temel alarak hem yerel hem de ulusal \u00f6l\u00e7ekte bir\u00e7ok ba\u015far\u0131l\u0131 projeye imza att\u0131k.<\/p>\n","protected":false},"author":1,"featured_media":0,"parent":0,"menu_order":0,"comment_status":"closed","ping_status":"closed","template":"","meta":{"inline_featured_image":false,"footnotes":""},"class_list":["post-4690","page","type-page","status-publish","hentry"],"aioseo_notices":[],"_links":{"self":[{"href":"https:\/\/cinarsanhavalandirma.com\/index.php\/wp-json\/wp\/v2\/pages\/4690","targetHints":{"allow":["GET"]}}],"collection":[{"href":"https:\/\/cinarsanhavalandirma.com\/index.php\/wp-json\/wp\/v2\/pages"}],"about":[{"href":"https:\/\/cinarsanhavalandirma.com\/index.php\/wp-json\/wp\/v2\/types\/page"}],"author":[{"embeddable":true,"href":"https:\/\/cinarsanhavalandirma.com\/index.php\/wp-json\/wp\/v2\/users\/1"}],"replies":[{"embeddable":true,"href":"https:\/\/cinarsanhavalandirma.com\/index.php\/wp-json\/wp\/v2\/comments?post=4690"}],"version-history":[{"count":19,"href":"https:\/\/cinarsanhavalandirma.com\/index.php\/wp-json\/wp\/v2\/pages\/4690\/revisions"}],"predecessor-version":[{"id":5925,"href":"https:\/\/cinarsanhavalandirma.com\/index.php\/wp-json\/wp\/v2\/pages\/4690\/revisions\/5925"}],"wp:attachment":[{"href":"https:\/\/cinarsanhavalandirma.com\/index.php\/wp-json\/wp\/v2\/media?parent=4690"}],"curies":[{"name":"wp","href":"https:\/\/api.w.org\/{rel}","templated":true}]}}