{"id":4697,"date":"2025-11-08T12:48:15","date_gmt":"2025-11-08T09:48:15","guid":{"rendered":"https:\/\/cinarsanhavalandirma.com\/?page_id=4697"},"modified":"2025-11-08T12:52:54","modified_gmt":"2025-11-08T09:52:54","slug":"misyon-ve-vizyonumuz","status":"publish","type":"page","link":"https:\/\/cinarsanhavalandirma.com\/index.php\/misyon-ve-vizyonumuz\/","title":{"rendered":"Misyon ve Vizyonumuz"},"content":{"rendered":"\t\t<div data-elementor-type=\"wp-page\" data-elementor-id=\"4697\" class=\"elementor elementor-4697\">\n\t\t\t\t\t\t<section class=\"elementor-section elementor-top-section elementor-element elementor-element-f7e3bf0 elementor-section-full_width elementor-section-height-default elementor-section-height-default\" data-id=\"f7e3bf0\" data-element_type=\"section\" data-e-type=\"section\">\n\t\t\t\t\t\t<div class=\"elementor-container elementor-column-gap-no\">\n\t\t\t\t\t<div class=\"elementor-column elementor-col-100 elementor-top-column elementor-element elementor-element-b4f1280\" data-id=\"b4f1280\" data-element_type=\"column\" data-e-type=\"column\">\n\t\t\t<div class=\"elementor-widget-wrap elementor-element-populated\">\n\t\t\t\t\t\t<div class=\"elementor-element elementor-element-beb0089 elementor-widget__width-initial elementor-absolute rotate image-width-full elementor-widget elementor-widget-mae-gallery-stack\" data-id=\"beb0089\" data-element_type=\"widget\" data-e-type=\"widget\" data-settings=\"{&quot;_position&quot;:&quot;absolute&quot;}\" data-widget_type=\"mae-gallery-stack.default\">\n\t\t\t\t<div class=\"elementor-widget-container\">\n\t\t\t\t\t\t\t<div class=\"master-gallery-stack\">\n\t\t\t<div class=\"master-fancy-image elementor-repeater-item-09ac577 \" data-top=\"0px\" data-calcHeight=\"no\">\n\t\t\t\t\t\t\t\t\t\t<div class=\"image-wrap\"><img fetchpriority=\"high\" decoding=\"async\" width=\"740\" height=\"754\" src=\"https:\/\/cinarsanhavalandirma.com\/wp-content\/uploads\/2023\/07\/circle-dots.webp\" class=\"attachment-full size-full\" alt=\"\" srcset=\"https:\/\/cinarsanhavalandirma.com\/wp-content\/uploads\/2023\/07\/circle-dots.webp 740w, https:\/\/cinarsanhavalandirma.com\/wp-content\/uploads\/2023\/07\/circle-dots-294x300.webp 294w, https:\/\/cinarsanhavalandirma.com\/wp-content\/uploads\/2023\/07\/circle-dots-70x70.webp 70w\" sizes=\"(max-width: 740px) 100vw, 740px\" \/><\/div>\n\t\t\t\t\t\t\t\t\t<\/div>\t\t<\/div>\n\t    \t\t\t\t<\/div>\n\t\t\t\t<\/div>\n\t\t\t\t\t<\/div>\n\t\t<\/div>\n\t\t\t\t\t<\/div>\n\t\t<\/section>\n\t\t\t\t<section class=\"elementor-section elementor-top-section elementor-element elementor-element-6d4091e elementor-section-boxed elementor-section-height-default elementor-section-height-default\" data-id=\"6d4091e\" data-element_type=\"section\" data-e-type=\"section\">\n\t\t\t\t\t\t<div class=\"elementor-container elementor-column-gap-no\">\n\t\t\t\t\t<div class=\"elementor-column elementor-col-100 elementor-top-column elementor-element elementor-element-96b65a0\" data-id=\"96b65a0\" data-element_type=\"column\" data-e-type=\"column\">\n\t\t\t<div class=\"elementor-widget-wrap elementor-element-populated\">\n\t\t\t\t\t\t<div class=\"elementor-element elementor-element-1ce3b7c elementor-widget elementor-widget-spacer\" data-id=\"1ce3b7c\" data-element_type=\"widget\" data-e-type=\"widget\" data-widget_type=\"spacer.default\">\n\t\t\t\t\t\t\t<div class=\"elementor-spacer\">\n\t\t\t<div class=\"elementor-spacer-inner\"><\/div>\n\t\t<\/div>\n\t\t\t\t\t\t<\/div>\n\t\t\t\t<section class=\"elementor-section elementor-inner-section elementor-element elementor-element-0ef47d0 elementor-section-content-middle elementor-section-boxed elementor-section-height-default elementor-section-height-default\" data-id=\"0ef47d0\" data-element_type=\"section\" data-e-type=\"section\">\n\t\t\t\t\t\t<div class=\"elementor-container elementor-column-gap-default\">\n\t\t\t\t\t<div class=\"elementor-column elementor-col-100 elementor-inner-column elementor-element elementor-element-93d5cd4\" data-id=\"93d5cd4\" data-element_type=\"column\" data-e-type=\"column\">\n\t\t\t<div class=\"elementor-widget-wrap elementor-element-populated\">\n\t\t\t\t\t\t<div class=\"elementor-element elementor-element-5e01b10 heading-default elementor-widget elementor-widget-mae-headings\" data-id=\"5e01b10\" data-element_type=\"widget\" data-e-type=\"widget\" data-widget_type=\"mae-headings.default\">\n\t\t\t\t<div class=\"elementor-widget-container\">\n\t\t\t\t\t\t\t<div class=\"master-heading sep-none\">\n\t\t\t\t\t\t\t        \t        \t<div class=\"pre-heading\"><span class=\"line\"><span class=\"inner\"><\/span><\/span>\u00c7INARSAN HAVALANDIRMA<\/div>\n\t        \n\t        \n\t        \t        <h2 class=\"main-heading\">Misyonumuz<\/h2>\n\t        \n\t        \n\t        \t            <div class=\"sub-heading\">Kuruldu\u011fumuz g\u00fcnden bu yana hedefimiz; end\u00fcstriyel tesislerde, \u00fcretim alanlar\u0131nda ve ya\u015fam mekanlar\u0131nda daha g\u00fcvenli, daha verimli ve daha sa\u011fl\u0131kl\u0131 ortamlar olu\u015fturmak olmu\u015ftur.\nBunu yaparken yaln\u0131zca \u00fcr\u00fcn veya sistem de\u011fil, tam anlam\u0131yla m\u00fchendislik temelli \u00e7\u00f6z\u00fcmler sunmay\u0131 ilke edindik.\n\nHer projeye \u00f6zel analiz ve planlama yaparak, enerji verimlili\u011fi y\u00fcksek, \u00e7evreye duyarl\u0131 ve uzun \u00f6m\u00fcrl\u00fc sistemler kuruyoruz.\nMisyonumuz; kaliteyi, teknolojiyi ve insan eme\u011fini birle\u015ftirerek hem i\u015fletmelere hem de \u00fclke ekonomisine de\u011fer katmakt\u0131r.<br><br>\nSadece bug\u00fcn\u00fcn ihtiya\u00e7lar\u0131na de\u011fil, gelece\u011fin standartlar\u0131na da uyumlu sistemler tasarl\u0131yor; her m\u00fc\u015fterimize \u00f6zel, s\u00fcrd\u00fcr\u00fclebilir \u00e7\u00f6z\u00fcmler geli\u015ftiriyoruz.\n\nSahip oldu\u011fumuz deneyim, m\u00fchendislik g\u00fcc\u00fc ve \u00fcretim kapasitesiyle; mekanik tesisat, havaland\u0131rma ve baca sistemleri alan\u0131nda fark yaratmaya devam ediyoruz.\nBizim i\u00e7in her yeni proje, sekt\u00f6re katk\u0131 sa\u011flayan bir ad\u0131m ve daha sa\u011fl\u0131kl\u0131 bir gelecek i\u00e7in yap\u0131lan bir yat\u0131r\u0131md\u0131r.<\/div>\n\t        \t    <\/div>\n\t    \t\t\t\t<\/div>\n\t\t\t\t<\/div>\n\t\t\t\t\t<\/div>\n\t\t<\/div>\n\t\t\t\t\t<\/div>\n\t\t<\/section>\n\t\t\t\t<section class=\"elementor-section elementor-inner-section elementor-element elementor-element-cdc2303 elementor-section-content-middle elementor-section-boxed elementor-section-height-default elementor-section-height-default\" data-id=\"cdc2303\" data-element_type=\"section\" data-e-type=\"section\">\n\t\t\t\t\t\t<div class=\"elementor-container elementor-column-gap-default\">\n\t\t\t\t\t<div class=\"elementor-column elementor-col-100 elementor-inner-column elementor-element elementor-element-e42ebc9\" data-id=\"e42ebc9\" data-element_type=\"column\" data-e-type=\"column\">\n\t\t\t<div class=\"elementor-widget-wrap elementor-element-populated\">\n\t\t\t\t\t\t<div class=\"elementor-element elementor-element-15c8d3c elementor-widget elementor-widget-spacer\" data-id=\"15c8d3c\" data-element_type=\"widget\" data-e-type=\"widget\" data-widget_type=\"spacer.default\">\n\t\t\t\t\t\t\t<div class=\"elementor-spacer\">\n\t\t\t<div class=\"elementor-spacer-inner\"><\/div>\n\t\t<\/div>\n\t\t\t\t\t\t<\/div>\n\t\t\t\t<div class=\"elementor-element elementor-element-b291590 heading-default elementor-widget elementor-widget-mae-headings\" data-id=\"b291590\" data-element_type=\"widget\" data-e-type=\"widget\" data-widget_type=\"mae-headings.default\">\n\t\t\t\t<div class=\"elementor-widget-container\">\n\t\t\t\t\t\t\t<div class=\"master-heading sep-none\">\n\t\t\t\t\t\t\t        \t        \t<div class=\"pre-heading\"><span class=\"line\"><span class=\"inner\"><\/span><\/span>\u00c7INARSAN HAVALANDIRMA<\/div>\n\t        \n\t        \n\t        \t        <h2 class=\"main-heading\">Vizyonumuz<\/h2>\n\t        \n\t        \n\t        \t            <div class=\"sub-heading\">Bursa\u2019da ba\u015flayan yolculu\u011fumuzu, T\u00fcrkiye\u2019nin d\u00f6rt bir yan\u0131nda y\u00fcr\u00fct\u00fclen ba\u015far\u0131l\u0131 projelerle b\u00fcy\u00fct\u00fcyoruz.\nVizyonumuz; mekanik tesisat ve havaland\u0131rma alan\u0131nda \u00fclkemizin en g\u00fcvenilir, en yenilik\u00e7i ve en \u00e7ok tercih edilen firmas\u0131 olmakt\u0131r.\n\nHer zaman teknolojiyi yak\u0131ndan takip eden, Ar-Ge\u2019ye \u00f6nem veren, \u00fcretim g\u00fcc\u00fcn\u00fc modern m\u00fchendislik anlay\u0131\u015f\u0131yla birle\u015ftiren bir firma olarak, yaln\u0131zca bug\u00fcn\u00fc de\u011fil yar\u0131n\u0131 da planl\u0131yoruz.<br><br>\nSekt\u00f6rde \u00f6rnek al\u0131nan, kalite politikas\u0131yla fark yaratan, m\u00fc\u015fterilerine sadece hizmet de\u011fil tam g\u00fcven sunan bir marka olmak temel hedefimizdir.\n\nUlusal ve uluslararas\u0131 standartlara uygun \u00fcretim anlay\u0131\u015f\u0131m\u0131z, \u00e7evreye duyarl\u0131l\u0131\u011f\u0131m\u0131z ve \u00e7al\u0131\u015fanlar\u0131m\u0131z\u0131n uzmanl\u0131\u011f\u0131yla; \u00f6n\u00fcm\u00fczdeki y\u0131llarda da sekt\u00f6r\u00fcn y\u00f6n\u00fcn\u00fc belirleyen firmalardan biri olmaya kararl\u0131y\u0131z.<\/div>\n\t        \t    <\/div>\n\t    \t\t\t\t<\/div>\n\t\t\t\t<\/div>\n\t\t\t\t\t<\/div>\n\t\t<\/div>\n\t\t\t\t\t<\/div>\n\t\t<\/section>\n\t\t\t\t\t<\/div>\n\t\t<\/div>\n\t\t\t\t\t<\/div>\n\t\t<\/section>\n\t\t\t\t<section class=\"elementor-section elementor-top-section elementor-element elementor-element-7684fae elementor-section-boxed elementor-section-height-default elementor-section-height-default\" data-id=\"7684fae\" data-element_type=\"section\" data-e-type=\"section\">\n\t\t\t\t\t\t<div class=\"elementor-container elementor-column-gap-default\">\n\t\t\t\t\t<div class=\"elementor-column elementor-col-100 elementor-top-column elementor-element elementor-element-7b6e49b\" data-id=\"7b6e49b\" data-element_type=\"column\" data-e-type=\"column\">\n\t\t\t<div class=\"elementor-widget-wrap\">\n\t\t\t\t\t\t\t<\/div>\n\t\t<\/div>\n\t\t\t\t\t<\/div>\n\t\t<\/section>\n\t\t\t\t<\/div>\n\t\t\n    <div class=\"xs_social_share_widget xs_share_url after_content \t\tmain_content  wslu-style-1 wslu-share-box-shaped wslu-fill-colored wslu-none wslu-share-horizontal wslu-theme-font-no wslu-main_content\">\n\n\t\t\n        <ul>\n\t\t\t        <\/ul>\n    <\/div> \n","protected":false},"excerpt":{"rendered":"<p>\u00c7INARSAN HAVALANDIRMA Misyonumuz Kuruldu\u011fumuz g\u00fcnden bu yana hedefimiz; end\u00fcstriyel tesislerde, \u00fcretim alanlar\u0131nda ve ya\u015fam mekanlar\u0131nda daha g\u00fcvenli, daha verimli ve daha sa\u011fl\u0131kl\u0131 ortamlar olu\u015fturmak olmu\u015ftur. Bunu yaparken yaln\u0131zca \u00fcr\u00fcn veya sistem de\u011fil, tam anlam\u0131yla m\u00fchendislik temelli \u00e7\u00f6z\u00fcmler sunmay\u0131 ilke edindik. Her projeye \u00f6zel analiz ve planlama yaparak, enerji verimlili\u011fi y\u00fcksek,<\/p>\n","protected":false},"author":1,"featured_media":0,"parent":0,"menu_order":0,"comment_status":"closed","ping_status":"closed","template":"","meta":{"inline_featured_image":false,"footnotes":""},"class_list":["post-4697","page","type-page","status-publish","hentry"],"aioseo_notices":[],"_links":{"self":[{"href":"https:\/\/cinarsanhavalandirma.com\/index.php\/wp-json\/wp\/v2\/pages\/4697","targetHints":{"allow":["GET"]}}],"collection":[{"href":"https:\/\/cinarsanhavalandirma.com\/index.php\/wp-json\/wp\/v2\/pages"}],"about":[{"href":"https:\/\/cinarsanhavalandirma.com\/index.php\/wp-json\/wp\/v2\/types\/page"}],"author":[{"embeddable":true,"href":"https:\/\/cinarsanhavalandirma.com\/index.php\/wp-json\/wp\/v2\/users\/1"}],"replies":[{"embeddable":true,"href":"https:\/\/cinarsanhavalandirma.com\/index.php\/wp-json\/wp\/v2\/comments?post=4697"}],"version-history":[{"count":7,"href":"https:\/\/cinarsanhavalandirma.com\/index.php\/wp-json\/wp\/v2\/pages\/4697\/revisions"}],"predecessor-version":[{"id":4705,"href":"https:\/\/cinarsanhavalandirma.com\/index.php\/wp-json\/wp\/v2\/pages\/4697\/revisions\/4705"}],"wp:attachment":[{"href":"https:\/\/cinarsanhavalandirma.com\/index.php\/wp-json\/wp\/v2\/media?parent=4697"}],"curies":[{"name":"wp","href":"https:\/\/api.w.org\/{rel}","templated":true}]}}