{"id":4716,"date":"2025-11-08T13:05:42","date_gmt":"2025-11-08T10:05:42","guid":{"rendered":"https:\/\/cinarsanhavalandirma.com\/?page_id=4716"},"modified":"2025-11-08T13:07:06","modified_gmt":"2025-11-08T10:07:06","slug":"insan-kaynaklari","status":"publish","type":"page","link":"https:\/\/cinarsanhavalandirma.com\/index.php\/insan-kaynaklari\/","title":{"rendered":"\u0130nsan Kaynaklar\u0131"},"content":{"rendered":"\t\t<div data-elementor-type=\"wp-page\" data-elementor-id=\"4716\" class=\"elementor elementor-4716\">\n\t\t\t\t\t\t<section class=\"elementor-section elementor-top-section elementor-element elementor-element-f7e3bf0 elementor-section-full_width elementor-section-height-default elementor-section-height-default\" data-id=\"f7e3bf0\" data-element_type=\"section\" data-e-type=\"section\">\n\t\t\t\t\t\t<div class=\"elementor-container elementor-column-gap-no\">\n\t\t\t\t\t<div class=\"elementor-column elementor-col-100 elementor-top-column elementor-element elementor-element-b4f1280\" data-id=\"b4f1280\" data-element_type=\"column\" data-e-type=\"column\">\n\t\t\t<div class=\"elementor-widget-wrap elementor-element-populated\">\n\t\t\t\t\t\t<div class=\"elementor-element elementor-element-beb0089 elementor-widget__width-initial elementor-absolute rotate image-width-full elementor-widget elementor-widget-mae-gallery-stack\" data-id=\"beb0089\" data-element_type=\"widget\" data-e-type=\"widget\" data-settings=\"{&quot;_position&quot;:&quot;absolute&quot;}\" data-widget_type=\"mae-gallery-stack.default\">\n\t\t\t\t<div class=\"elementor-widget-container\">\n\t\t\t\t\t\t\t<div class=\"master-gallery-stack\">\n\t\t\t<div class=\"master-fancy-image elementor-repeater-item-09ac577 \" data-top=\"0px\" data-calcHeight=\"no\">\n\t\t\t\t\t\t\t\t\t\t<div class=\"image-wrap\"><img fetchpriority=\"high\" decoding=\"async\" width=\"740\" height=\"754\" src=\"https:\/\/cinarsanhavalandirma.com\/wp-content\/uploads\/2023\/07\/circle-dots.webp\" class=\"attachment-full size-full\" alt=\"\" srcset=\"https:\/\/cinarsanhavalandirma.com\/wp-content\/uploads\/2023\/07\/circle-dots.webp 740w, https:\/\/cinarsanhavalandirma.com\/wp-content\/uploads\/2023\/07\/circle-dots-294x300.webp 294w, https:\/\/cinarsanhavalandirma.com\/wp-content\/uploads\/2023\/07\/circle-dots-70x70.webp 70w\" sizes=\"(max-width: 740px) 100vw, 740px\" \/><\/div>\n\t\t\t\t\t\t\t\t\t<\/div>\t\t<\/div>\n\t    \t\t\t\t<\/div>\n\t\t\t\t<\/div>\n\t\t\t\t\t<\/div>\n\t\t<\/div>\n\t\t\t\t\t<\/div>\n\t\t<\/section>\n\t\t\t\t<section class=\"elementor-section elementor-top-section elementor-element elementor-element-6d4091e elementor-section-boxed elementor-section-height-default elementor-section-height-default\" data-id=\"6d4091e\" data-element_type=\"section\" data-e-type=\"section\">\n\t\t\t\t\t\t<div class=\"elementor-container elementor-column-gap-no\">\n\t\t\t\t\t<div class=\"elementor-column elementor-col-100 elementor-top-column elementor-element elementor-element-96b65a0\" data-id=\"96b65a0\" data-element_type=\"column\" data-e-type=\"column\">\n\t\t\t<div class=\"elementor-widget-wrap elementor-element-populated\">\n\t\t\t\t\t\t<div class=\"elementor-element elementor-element-1ce3b7c elementor-widget elementor-widget-spacer\" data-id=\"1ce3b7c\" data-element_type=\"widget\" data-e-type=\"widget\" data-widget_type=\"spacer.default\">\n\t\t\t\t\t\t\t<div class=\"elementor-spacer\">\n\t\t\t<div class=\"elementor-spacer-inner\"><\/div>\n\t\t<\/div>\n\t\t\t\t\t\t<\/div>\n\t\t\t\t<section class=\"elementor-section elementor-inner-section elementor-element elementor-element-0ef47d0 elementor-section-content-middle elementor-section-boxed elementor-section-height-default elementor-section-height-default\" data-id=\"0ef47d0\" data-element_type=\"section\" data-e-type=\"section\">\n\t\t\t\t\t\t<div class=\"elementor-container elementor-column-gap-default\">\n\t\t\t\t\t<div class=\"elementor-column elementor-col-100 elementor-inner-column elementor-element elementor-element-93d5cd4\" data-id=\"93d5cd4\" data-element_type=\"column\" data-e-type=\"column\">\n\t\t\t<div class=\"elementor-widget-wrap elementor-element-populated\">\n\t\t\t\t\t\t<div class=\"elementor-element elementor-element-5e01b10 heading-default elementor-widget elementor-widget-mae-headings\" data-id=\"5e01b10\" data-element_type=\"widget\" data-e-type=\"widget\" data-widget_type=\"mae-headings.default\">\n\t\t\t\t<div class=\"elementor-widget-container\">\n\t\t\t\t\t\t\t<div class=\"master-heading sep-none\">\n\t\t\t\t\t\t\t        \t        \t<div class=\"pre-heading\"><span class=\"line\"><span class=\"inner\"><\/span><\/span>\u00c7INARSAN HAVALANDIRMA<\/div>\n\t        \n\t        \n\t        \t        <h2 class=\"main-heading\">\ud83d\udc65 \u0130nsan Kaynaklar\u0131<\/h2>\n\t        \n\t        \n\t        \t            <div class=\"sub-heading\">Ba\u015far\u0131m\u0131z\u0131n ard\u0131ndaki en b\u00fcy\u00fck g\u00fc\u00e7, alan\u0131nda uzman, deneyimli ve \u00f6zverili ekibimizdir.\nHer biri kendi alan\u0131nda yeti\u015fmi\u015f m\u00fchendis, teknisyen ve saha \u00e7al\u0131\u015fanlar\u0131ndan olu\u015fan kadromuz, projelerin her a\u015famas\u0131nda profesyonel bir yakla\u015f\u0131m sergiler.<br><br>\n\n\u0130nsan kaynaklar\u0131 politikam\u0131z; \u00e7al\u0131\u015fanlar\u0131m\u0131z\u0131n sadece bir i\u015f g\u00fcc\u00fc de\u011fil, kurumun gelece\u011fini \u015fekillendiren en de\u011ferli yat\u0131r\u0131m\u0131 oldu\u011fu bilinciyle \u015fekillenir.\nBu nedenle s\u00fcrekli e\u011fitim programlar\u0131yla bilgi, beceri ve liderlik yetkinliklerini geli\u015ftiriyoruz.\nEkip i\u00e7inde dayan\u0131\u015fma, ileti\u015fim ve aidiyet duygusunu g\u00fc\u00e7lendiren bir \u00e7al\u0131\u015fma k\u00fclt\u00fcr\u00fc olu\u015fturduk. Fabrika ve saha ekiplerimiz, en son teknolojileri kullanarak i\u015flerini titizlikle y\u00fcr\u00fct\u00fcr.<br><br>\n\u00c7al\u0131\u015fma ortamlar\u0131m\u0131zda i\u015f g\u00fcvenli\u011fi standartlar\u0131 en \u00fcst d\u00fczeyde tutulur.\nHer bireyin kendini geli\u015ftirebildi\u011fi, fikirlerini \u00f6zg\u00fcrce payla\u015fabildi\u011fi bir ortam yaratmak, insan kaynaklar\u0131 vizyonumuzun temelidir.<br><br>\n\nBizim i\u00e7in her \u00e7al\u0131\u015fan sadece bug\u00fcn\u00fcn de\u011fil, gelece\u011fin de ba\u015far\u0131s\u0131n\u0131 ta\u015f\u0131r.\nBu bilin\u00e7le, \u00e7al\u0131\u015fan memnuniyetini en y\u00fcksek seviyede tutmak, motivasyonu ve ba\u011fl\u0131l\u0131\u011f\u0131 art\u0131rmak i\u00e7in s\u00fcrekli iyile\u015ftirmeler yap\u0131yoruz.\n\nEkip ruhuna, eme\u011fe ve bilgiye de\u011fer veren bir firma olarak, \u201cbirlikte b\u00fcy\u00fcmek\u201d ilkesiyle hareket ediyoruz.\n\u00c7\u00fcnk\u00fc biliyoruz ki; g\u00fc\u00e7l\u00fc sistemler, g\u00fc\u00e7l\u00fc insanlarla kurulur.<\/div>\n\t        \t    <\/div>\n\t    \t\t\t\t<\/div>\n\t\t\t\t<\/div>\n\t\t\t\t\t<\/div>\n\t\t<\/div>\n\t\t\t\t\t<\/div>\n\t\t<\/section>\n\t\t\t\t<section class=\"elementor-section elementor-inner-section elementor-element elementor-element-cdc2303 elementor-section-content-middle elementor-section-boxed elementor-section-height-default elementor-section-height-default\" data-id=\"cdc2303\" data-element_type=\"section\" data-e-type=\"section\">\n\t\t\t\t\t\t<div class=\"elementor-container elementor-column-gap-default\">\n\t\t\t\t\t<div class=\"elementor-column elementor-col-100 elementor-inner-column elementor-element elementor-element-e42ebc9\" data-id=\"e42ebc9\" data-element_type=\"column\" data-e-type=\"column\">\n\t\t\t<div class=\"elementor-widget-wrap elementor-element-populated\">\n\t\t\t\t\t\t<div class=\"elementor-element elementor-element-15c8d3c elementor-widget elementor-widget-spacer\" data-id=\"15c8d3c\" data-element_type=\"widget\" data-e-type=\"widget\" data-widget_type=\"spacer.default\">\n\t\t\t\t\t\t\t<div class=\"elementor-spacer\">\n\t\t\t<div class=\"elementor-spacer-inner\"><\/div>\n\t\t<\/div>\n\t\t\t\t\t\t<\/div>\n\t\t\t\t\t<\/div>\n\t\t<\/div>\n\t\t\t\t\t<\/div>\n\t\t<\/section>\n\t\t\t\t\t<\/div>\n\t\t<\/div>\n\t\t\t\t\t<\/div>\n\t\t<\/section>\n\t\t\t\t<section class=\"elementor-section elementor-top-section elementor-element elementor-element-7684fae elementor-section-boxed elementor-section-height-default elementor-section-height-default\" data-id=\"7684fae\" data-element_type=\"section\" data-e-type=\"section\">\n\t\t\t\t\t\t<div class=\"elementor-container elementor-column-gap-default\">\n\t\t\t\t\t<div class=\"elementor-column elementor-col-100 elementor-top-column elementor-element elementor-element-7b6e49b\" data-id=\"7b6e49b\" data-element_type=\"column\" data-e-type=\"column\">\n\t\t\t<div class=\"elementor-widget-wrap\">\n\t\t\t\t\t\t\t<\/div>\n\t\t<\/div>\n\t\t\t\t\t<\/div>\n\t\t<\/section>\n\t\t\t\t<\/div>\n\t\t\n    <div class=\"xs_social_share_widget xs_share_url after_content \t\tmain_content  wslu-style-1 wslu-share-box-shaped wslu-fill-colored wslu-none wslu-share-horizontal wslu-theme-font-no wslu-main_content\">\n\n\t\t\n        <ul>\n\t\t\t        <\/ul>\n    <\/div> \n","protected":false},"excerpt":{"rendered":"<p>\u00c7INARSAN HAVALANDIRMA \ud83d\udc65 \u0130nsan Kaynaklar\u0131 Ba\u015far\u0131m\u0131z\u0131n ard\u0131ndaki en b\u00fcy\u00fck g\u00fc\u00e7, alan\u0131nda uzman, deneyimli ve \u00f6zverili ekibimizdir. Her biri kendi alan\u0131nda yeti\u015fmi\u015f m\u00fchendis, teknisyen ve saha \u00e7al\u0131\u015fanlar\u0131ndan olu\u015fan kadromuz, projelerin her a\u015famas\u0131nda profesyonel bir yakla\u015f\u0131m sergiler. \u0130nsan kaynaklar\u0131 politikam\u0131z; \u00e7al\u0131\u015fanlar\u0131m\u0131z\u0131n sadece bir i\u015f g\u00fcc\u00fc de\u011fil, kurumun gelece\u011fini \u015fekillendiren en de\u011ferli yat\u0131r\u0131m\u0131<\/p>\n","protected":false},"author":1,"featured_media":0,"parent":0,"menu_order":0,"comment_status":"closed","ping_status":"closed","template":"","meta":{"inline_featured_image":false,"footnotes":""},"class_list":["post-4716","page","type-page","status-publish","hentry"],"aioseo_notices":[],"_links":{"self":[{"href":"https:\/\/cinarsanhavalandirma.com\/index.php\/wp-json\/wp\/v2\/pages\/4716","targetHints":{"allow":["GET"]}}],"collection":[{"href":"https:\/\/cinarsanhavalandirma.com\/index.php\/wp-json\/wp\/v2\/pages"}],"about":[{"href":"https:\/\/cinarsanhavalandirma.com\/index.php\/wp-json\/wp\/v2\/types\/page"}],"author":[{"embeddable":true,"href":"https:\/\/cinarsanhavalandirma.com\/index.php\/wp-json\/wp\/v2\/users\/1"}],"replies":[{"embeddable":true,"href":"https:\/\/cinarsanhavalandirma.com\/index.php\/wp-json\/wp\/v2\/comments?post=4716"}],"version-history":[{"count":4,"href":"https:\/\/cinarsanhavalandirma.com\/index.php\/wp-json\/wp\/v2\/pages\/4716\/revisions"}],"predecessor-version":[{"id":4720,"href":"https:\/\/cinarsanhavalandirma.com\/index.php\/wp-json\/wp\/v2\/pages\/4716\/revisions\/4720"}],"wp:attachment":[{"href":"https:\/\/cinarsanhavalandirma.com\/index.php\/wp-json\/wp\/v2\/media?parent=4716"}],"curies":[{"name":"wp","href":"https:\/\/api.w.org\/{rel}","templated":true}]}}